{"id":1653,"date":"2021-06-28T10:09:17","date_gmt":"2021-06-28T10:09:17","guid":{"rendered":"https:\/\/expoluso.com\/services\/"},"modified":"2021-06-28T10:09:18","modified_gmt":"2021-06-28T10:09:18","slug":"services","status":"publish","type":"page","link":"https:\/\/expoluso.com\/fr\/services\/","title":{"rendered":"Services"},"content":{"rendered":"<p>[vc_row full_width=\u00a0\u00bbstretch_row_content\u00a0\u00bb css_animation=\u00a0\u00bbfadeInDown\u00a0\u00bb css=\u00a0\u00bb.vc_custom_1619108555622{padding-top: 100px !important;}\u00a0\u00bb el_class=\u00a0\u00bbabsolute-element\u00a0\u00bb][vc_column][vc_btn title=\u00a0\u00bbREGARDER LA VID\u00c9O\u00a0\u00bb style=\u00a0\u00bbflat\u00a0\u00bb shape=\u00a0\u00bbsquare\u00a0\u00bb color=\u00a0\u00bbblack\u00a0\u00bb size=\u00a0\u00bbsm\u00a0\u00bb align=\u00a0\u00bbcenter\u00a0\u00bb css_animation=\u00a0\u00bbnone\u00a0\u00bb link=\u00a0\u00bburl:https%3A%2F%2Fwww.youtube.com%2Fwatch%3Fv%3D06dCEKNbu2o|title:Contact|\u00a0\u00bb][\/vc_column][\/vc_row][vc_row full_width=\u00a0\u00bbstretch_row_content\u00a0\u00bb css_animation=\u00a0\u00bbfadeInDown\u00a0\u00bb css=\u00a0\u00bb.vc_custom_1585925726867{padding-top: 100px !important;padding-bottom: 100px !important;}\u00a0\u00bb el_class=\u00a0\u00bbabsolute-element\u00a0\u00bb][vc_column]<div id=\"ultimate-heading-732969e33a248a53b\" class=\"uvc-heading ult-adjust-bottom-margin ultimate-heading-732969e33a248a53b uvc-4332 \" data-hspacer=\"line_only\"  data-halign=\"center\" style=\"text-align:center\"><div class=\"uvc-heading-spacer line_only\" style=\"topheight:100px;\"><span class=\"uvc-headings-line\" style=\"border-style:solid;border-bottom-width:100px;border-color:#0a0a0a;width:1px;\"><\/span><\/div><\/div>[\/vc_column][\/vc_row][vc_row full_width=\u00a0\u00bbstretch_row_content_no_spaces\u00a0\u00bb bg_type=\u00a0\u00bbimage\u00a0\u00bb parallax_style=\u00a0\u00bbvcpb-default\u00a0\u00bb bg_image_new=\u00a0\u00bbid^355|url^http:\/\/demos.upperthemes.com\/architek\/site1-contents\/wp-content\/uploads\/sites\/5\/2020\/03\/bg3.svg|caption^null|alt^null|title^bg3|description^null\u00a0\u00bb bg_image_repeat=\u00a0\u00bbno-repeat\u00a0\u00bb bg_override=\u00a0\u00bbex-full\u00a0\u00bb enable_overlay=\u00a0\u00bbenable_overlay_value\u00a0\u00bb overlay_color=\u00a0\u00bbrgba(255,255,255,0.9)\u00a0\u00bb css=\u00a0\u00bb.vc_custom_1618570100354{padding-bottom: 100px !important;}\u00a0\u00bb][vc_column css_animation=\u00a0\u00bbfadeInUp\u00a0\u00bb][vc_custom_heading text=\u00a0\u00bbNous sommes aux c\u00f4t\u00e9s de nos clients \u00e0 chaque \u00e9tape du projet\u00a0\u00bb font_container=\u00a0\u00bbtag:h2|text_align:center\u00a0\u00bb use_theme_fonts=\u00a0\u00bbyes\u00a0\u00bb][vc_empty_space height=\u00a0\u00bb60px\u00a0\u00bb][vc_row_inner][vc_column_inner width=\u00a0\u00bb1\/3&Prime;]<div class=\"ult-new-ib ult-ib-effect-style13  ult-ib-resp  \" data-min-width=\"768\" data-max-width=\"900\" style=\"background:#000000;\" data-opacity=\"0.9\" data-hover-opacity=\"0.5\" ><img class=\"ult-new-ib-img\" style=\"opacity:0.9;\" alt=\"null\" src=\"https:\/\/expoluso.com\/wp-content\/uploads\/2021\/02\/gestao-projeto.jpg\"   \/><div id=\"interactive-banner-wrap-8776\" class=\"ult-new-ib-desc\" style=\"\"><h2 class=\"ult-new-ib-title ult-responsive\"  data-ultimate-target='#interactive-banner-wrap-8776 .ult-new-ib-title'  data-responsive-json-new='{\"font-size\":\"desktop:22px;\",\"line-height\":\"\"}'  style=\"font-family:&#039;Montserrat&#039;;font-weight:700;\">Gestion de Projet<\/h2><div class=\"ult-new-ib-content ult-responsive\"  data-ultimate-target='#interactive-banner-wrap-8776 .ult-new-ib-content'  data-responsive-json-new='{\"font-size\":\"desktop:15px;\",\"line-height\":\"\"}'  style=\"font-family:&#039;Lato&#039;;font-weight:normal;\"><p>Tout commence ici. Le moment initial auquel l'\u00e9quipe d'Expoluso travaille \u00e0 vos c\u00f4t\u00e9s pour d\u00e9finir tous les \u00e9quipements et \u00e9l\u00e9ments visuels de votre espace commercial. Nos services consistent \u00e0 donner corps \u00e0 votre id\u00e9e pour votre entreprise ou \u00e0 vous pr\u00e9senter une proposition de projet exclusive.<\/p><\/div><\/div><\/div><script type=\"text\/javascript\">\n\t\t\t(function($){\n\t\t\t\t$(document).ready(function(){\n\t\t\t\t\t$(\".ult-new-ib\").css(\"opacity\",\"1\");\n\t\t\t\t});\n\t\t\t})(jQuery);\n\t\t\t<\/script><div class=\"ult-spacer spacer-69e33a248a986\" data-id=\"69e33a248a986\" data-height=\"\" data-height-mobile=\"40\" data-height-tab=\"\" data-height-tab-portrait=\"\" data-height-mobile-landscape=\"40\" style=\"clear:both;display:block;\"><\/div>[\/vc_column_inner][vc_column_inner width=\u00a0\u00bb1\/3&Prime;]<div class=\"ult-new-ib ult-ib-effect-style13  ult-ib-resp  \" data-min-width=\"768\" data-max-width=\"900\" style=\"background:#000000;\" data-opacity=\"0.9\" data-hover-opacity=\"0.5\" ><img class=\"ult-new-ib-img\" style=\"opacity:0.9;\" alt=\"null\" src=\"https:\/\/expoluso.com\/wp-content\/uploads\/2021\/02\/arquitectura-e-design.jpg\"   \/><div id=\"interactive-banner-wrap-6685\" class=\"ult-new-ib-desc\" style=\"\"><h2 class=\"ult-new-ib-title ult-responsive\"  data-ultimate-target='#interactive-banner-wrap-6685 .ult-new-ib-title'  data-responsive-json-new='{\"font-size\":\"desktop:22px;\",\"line-height\":\"\"}'  style=\"font-family:&#039;Montserrat&#039;;font-weight:700;\">Architecture &amp; Design<\/h2><div class=\"ult-new-ib-content ult-responsive\"  data-ultimate-target='#interactive-banner-wrap-6685 .ult-new-ib-content'  data-responsive-json-new='{\"font-size\":\"desktop:15px;\",\"line-height\":\"\"}'  style=\"font-family:&#039;Lato&#039;;font-weight:normal;\"><p>De l'id\u00e9e au concept de chaque produit Expoluso, il y a un grand pas franchi par tous les \u00e9l\u00e9ments d'une \u00e9quipe diversifi\u00e9e de designers de produits, de graphistes, d'industriels 3D et de sp\u00e9cialistes en exp\u00e9rience client. Des couleurs, des angles, des mati\u00e8res, des ambiances, des dynamiques interactives, tout cela se m\u00e9lange dans ce creuset cr\u00e9atif. Et l'\u0153uvre na\u00eet.<\/p><\/div><\/div><\/div><script type=\"text\/javascript\">\n\t\t\t(function($){\n\t\t\t\t$(document).ready(function(){\n\t\t\t\t\t$(\".ult-new-ib\").css(\"opacity\",\"1\");\n\t\t\t\t});\n\t\t\t})(jQuery);\n\t\t\t<\/script><div class=\"ult-spacer spacer-69e33a248acd8\" data-id=\"69e33a248acd8\" data-height=\"0\" data-height-mobile=\"40\" data-height-tab=\"\" data-height-tab-portrait=\"\" data-height-mobile-landscape=\"40\" style=\"clear:both;display:block;\"><\/div>[\/vc_column_inner][vc_column_inner width=\u00a0\u00bb1\/3&Prime;]<div class=\"ult-new-ib ult-ib-effect-style13  ult-ib-resp  \" data-min-width=\"768\" data-max-width=\"900\" style=\"background:#000000;\" data-opacity=\"0.9\" data-hover-opacity=\"0.5\" ><img class=\"ult-new-ib-img\" style=\"opacity:0.9;\" alt=\"null\" src=\"https:\/\/expoluso.com\/wp-content\/uploads\/2021\/02\/engenharia.jpg\"   \/><div id=\"interactive-banner-wrap-4200\" class=\"ult-new-ib-desc\" style=\"\"><h2 class=\"ult-new-ib-title ult-responsive\"  data-ultimate-target='#interactive-banner-wrap-4200 .ult-new-ib-title'  data-responsive-json-new='{\"font-size\":\"desktop:22px;\",\"line-height\":\"\"}'  style=\"font-family:&#039;Montserrat&#039;;font-weight:700;\">Ing\u00e9nierie<\/h2><div class=\"ult-new-ib-content ult-responsive\"  data-ultimate-target='#interactive-banner-wrap-4200 .ult-new-ib-content'  data-responsive-json-new='{\"font-size\":\"desktop:15px;\",\"line-height\":\"\"}'  style=\"font-family:&#039;Lato&#039;;font-weight:normal;\"><p>La rigueur, la pr\u00e9cision et la vitesse sont r\u00e9unies dans notre d\u00e9partement d'ing\u00e9nierie. Notre \u00e9quipe sp\u00e9cialis\u00e9e d\u00e9veloppe des \u00e9quipements et des produits avec des \u00ab mains \u00bb technologiques conform\u00e9ment aux derni\u00e8res tendances du march\u00e9 mondial. Parlons-en encore d'innovation, car c'est avec elle que nous surmontons les d\u00e9fis exigeants d'un univers en constante m\u00e9tamorphose.<\/p><\/div><\/div><\/div><script type=\"text\/javascript\">\n\t\t\t(function($){\n\t\t\t\t$(document).ready(function(){\n\t\t\t\t\t$(\".ult-new-ib\").css(\"opacity\",\"1\");\n\t\t\t\t});\n\t\t\t})(jQuery);\n\t\t\t<\/script><div class=\"ult-spacer spacer-69e33a248b00b\" data-id=\"69e33a248b00b\" data-height=\"0\" data-height-mobile=\"40\" data-height-tab=\"\" data-height-tab-portrait=\"\" data-height-mobile-landscape=\"40\" style=\"clear:both;display:block;\"><\/div>[\/vc_column_inner][\/vc_row_inner][vc_row_inner][vc_column_inner width=\u00a0\u00bb1\/3&Prime;]<div class=\"ult-new-ib ult-ib-effect-style13  ult-ib-resp  \" data-min-width=\"768\" data-max-width=\"900\" style=\"background:#000000;\" data-opacity=\"0.9\" data-hover-opacity=\"0.5\" ><img class=\"ult-new-ib-img\" style=\"opacity:0.9;\" alt=\"null\" src=\"https:\/\/expoluso.com\/wp-content\/uploads\/2021\/02\/producao.jpg\"   \/><div id=\"interactive-banner-wrap-4771\" class=\"ult-new-ib-desc\" style=\"\"><h2 class=\"ult-new-ib-title ult-responsive\"  data-ultimate-target='#interactive-banner-wrap-4771 .ult-new-ib-title'  data-responsive-json-new='{\"font-size\":\"desktop:22px;\",\"line-height\":\"\"}'  style=\"font-family:&#039;Montserrat&#039;;font-weight:700;\">Production<\/h2><div class=\"ult-new-ib-content ult-responsive\"  data-ultimate-target='#interactive-banner-wrap-4771 .ult-new-ib-content'  data-responsive-json-new='{\"font-size\":\"desktop:15px;\",\"line-height\":\"\"}'  style=\"font-family:&#039;Lato&#039;;font-weight:normal;\"><p>Nous prenons au s\u00e9rieux notre production en s\u00e9rie et donc nous sommes toujours disponibles pour tout type de commande. Des pr\u00e9sentoirs de moyennes et grandes dimensions, comme les produits en c\u00e9ramique, aux produits accessoires qui enrichissent votre pr\u00e9sentoir ou votre magasin, Expoluso dispose de toutes les conditions pour r\u00e9pondre \u00e0 la nature de votre demande. Ici, la strat\u00e9gie est synonyme d'efficacit\u00e9.<\/p><\/div><\/div><\/div><script type=\"text\/javascript\">\n\t\t\t(function($){\n\t\t\t\t$(document).ready(function(){\n\t\t\t\t\t$(\".ult-new-ib\").css(\"opacity\",\"1\");\n\t\t\t\t});\n\t\t\t})(jQuery);\n\t\t\t<\/script><div class=\"ult-spacer spacer-69e33a248b2ec\" data-id=\"69e33a248b2ec\" data-height=\"0\" data-height-mobile=\"40\" data-height-tab=\"\" data-height-tab-portrait=\"\" data-height-mobile-landscape=\"40\" style=\"clear:both;display:block;\"><\/div>[\/vc_column_inner][vc_column_inner width=\u00a0\u00bb1\/3&Prime;]<div class=\"ult-new-ib ult-ib-effect-style13  ult-ib-resp  \" data-min-width=\"768\" data-max-width=\"900\" style=\"background:#000000;\" data-opacity=\"0.9\" data-hover-opacity=\"0.5\" ><img class=\"ult-new-ib-img\" style=\"opacity:0.9;\" alt=\"null\" src=\"https:\/\/expoluso.com\/wp-content\/uploads\/2021\/02\/logistica.jpg\"   \/><div id=\"interactive-banner-wrap-4432\" class=\"ult-new-ib-desc\" style=\"\"><h2 class=\"ult-new-ib-title ult-responsive\"  data-ultimate-target='#interactive-banner-wrap-4432 .ult-new-ib-title'  data-responsive-json-new='{\"font-size\":\"desktop:22px;\",\"line-height\":\"\"}'  style=\"font-family:&#039;Montserrat&#039;;font-weight:700;\">Logistique<\/h2><div class=\"ult-new-ib-content ult-responsive\"  data-ultimate-target='#interactive-banner-wrap-4432 .ult-new-ib-content'  data-responsive-json-new='{\"font-size\":\"desktop:15px;\",\"line-height\":\"\"}'  style=\"font-family:&#039;Lato&#039;;font-weight:normal;\"><p>Au sein d'Expoluso, arriver \u00e0 bon port est plus qu'une expression, c'est une philosophie de travail. Pour que tout se passe bien en termes de quantit\u00e9, de protection et de s\u00e9curit\u00e9 avec les produits qui vous parviennent, tout est minutieusement examin\u00e9 par notre \u00e9quipe logistique infatigable.<\/p><\/div><\/div><\/div><script type=\"text\/javascript\">\n\t\t\t(function($){\n\t\t\t\t$(document).ready(function(){\n\t\t\t\t\t$(\".ult-new-ib\").css(\"opacity\",\"1\");\n\t\t\t\t});\n\t\t\t})(jQuery);\n\t\t\t<\/script><div class=\"ult-spacer spacer-69e33a248b56c\" data-id=\"69e33a248b56c\" data-height=\"0\" data-height-mobile=\"40\" data-height-tab=\"\" data-height-tab-portrait=\"\" data-height-mobile-landscape=\"40\" style=\"clear:both;display:block;\"><\/div>[\/vc_column_inner][vc_column_inner width=\u00a0\u00bb1\/3&Prime;]<div class=\"ult-new-ib ult-ib-effect-style13  ult-ib-resp  \" data-min-width=\"768\" data-max-width=\"900\" style=\"background:#000000;\" data-opacity=\"0.9\" data-hover-opacity=\"0.5\" ><img class=\"ult-new-ib-img\" style=\"opacity:0.9;\" alt=\"null\" src=\"https:\/\/expoluso.com\/wp-content\/uploads\/2021\/02\/montagem.jpg\"   \/><div id=\"interactive-banner-wrap-8754\" class=\"ult-new-ib-desc\" style=\"\"><h2 class=\"ult-new-ib-title ult-responsive\"  data-ultimate-target='#interactive-banner-wrap-8754 .ult-new-ib-title'  data-responsive-json-new='{\"font-size\":\"desktop:22px;\",\"line-height\":\"\"}'  style=\"font-family:&#039;Montserrat&#039;;font-weight:700;\">Assemblage<\/h2><div class=\"ult-new-ib-content ult-responsive\"  data-ultimate-target='#interactive-banner-wrap-8754 .ult-new-ib-content'  data-responsive-json-new='{\"font-size\":\"desktop:15px;\",\"line-height\":\"\"}'  style=\"font-family:&#039;Lato&#039;;font-weight:normal;\"><p>Le moment o\u00f9 auquel tout s'assemble et s'ajuste \u00e0 votre espace commercial. La nature diversifi\u00e9e de nos \u00e9quipements et produits demande une \u00e9quipe exp\u00e9riment\u00e9e avec des connaissances techniques comme le sont nos professionnels. Ils sont les artistes de la conclusion de votre projet.<\/p><\/div><\/div><\/div><script type=\"text\/javascript\">\n\t\t\t(function($){\n\t\t\t\t$(document).ready(function(){\n\t\t\t\t\t$(\".ult-new-ib\").css(\"opacity\",\"1\");\n\t\t\t\t});\n\t\t\t})(jQuery);\n\t\t\t<\/script>[\/vc_column_inner][\/vc_row_inner][vc_empty_space height=\u00a0\u00bb60px\u00a0\u00bb][vc_empty_space height=\u00a0\u00bb40px\u00a0\u00bb][vc_btn title=\u00a0\u00bbDEMANDEZ UN DEVIS\u00a0\u00bb style=\u00a0\u00bbflat\u00a0\u00bb shape=\u00a0\u00bbsquare\u00a0\u00bb color=\u00a0\u00bbblack\u00a0\u00bb size=\u00a0\u00bbsm\u00a0\u00bb align=\u00a0\u00bbcenter\u00a0\u00bb css_animation=\u00a0\u00bbnone\u00a0\u00bb link=\u00a0\u00bburl:https%3A%2F%2Fexpoluso.com%2Fpt%2Fcontactos%2F|title:Contact|\u00a0\u00bb]<div class=\"ult-spacer spacer-69e33a248b7d1\" data-id=\"69e33a248b7d1\" data-height=\"100\" data-height-mobile=\"80\" data-height-tab=\"\" data-height-tab-portrait=\"\" data-height-mobile-landscape=\"80\" style=\"clear:both;display:block;\"><\/div>[\/vc_column][\/vc_row]<\/p>\n","protected":false},"excerpt":{"rendered":"<p>[vc_row full_width=\u00a0\u00bbstretch_row_content\u00a0\u00bb css_animation=\u00a0\u00bbfadeInDown\u00a0\u00bb css=\u00a0\u00bb.vc_custom_1619108555622{padding-top: 100px !important;}\u00a0\u00bb el_class=\u00a0\u00bbabsolute-element\u00a0\u00bb][vc_column][vc_btn title=\u00a0\u00bbREGARDER LA VID\u00c9O\u00a0\u00bb style=\u00a0\u00bbflat\u00a0\u00bb shape=\u00a0\u00bbsquare\u00a0\u00bb color=\u00a0\u00bbblack\u00a0\u00bb size=\u00a0\u00bbsm\u00a0\u00bb align=\u00a0\u00bbcenter\u00a0\u00bb css_animation=\u00a0\u00bbnone\u00a0\u00bb link=\u00a0\u00bburl:https%3A%2F%2Fwww.youtube.com%2Fwatch%3Fv%3D06dCEKNbu2o|title:Contact|\u00a0\u00bb][\/vc_column][\/vc_row][vc_row full_width=\u00a0\u00bbstretch_row_content\u00a0\u00bb css_animation=\u00a0\u00bbfadeInDown\u00a0\u00bb css=\u00a0\u00bb.vc_custom_1585925726867{padding-top: 100px !important;padding-bottom: 100px !important;}\u00a0\u00bb el_class=\u00a0\u00bbabsolute-element\u00a0\u00bb][vc_column][\/vc_column][\/vc_row][vc_row full_width=\u00a0\u00bbstretch_row_content_no_spaces\u00a0\u00bb bg_type=\u00a0\u00bbimage\u00a0\u00bb parallax_style=\u00a0\u00bbvcpb-default\u00a0\u00bb bg_image_new=\u00a0\u00bbid^355|url^http:\/\/demos.upperthemes.com\/architek\/site1-contents\/wp-content\/uploads\/sites\/5\/2020\/03\/bg3.svg|caption^null|alt^null|title^bg3|description^null\u00a0\u00bb bg_image_repeat=\u00a0\u00bbno-repeat\u00a0\u00bb bg_override=\u00a0\u00bbex-full\u00a0\u00bb enable_overlay=\u00a0\u00bbenable_overlay_value\u00a0\u00bb overlay_color=\u00a0\u00bbrgba(255,255,255,0.9)\u00a0\u00bb css=\u00a0\u00bb.vc_custom_1618570100354{padding-bottom: 100px !important;}\u00a0\u00bb][vc_column css_animation=\u00a0\u00bbfadeInUp\u00a0\u00bb][vc_custom_heading text=\u00a0\u00bbNous sommes aux c\u00f4t\u00e9s de nos clients \u00e0 chaque \u00e9tape du projet\u00a0\u00bb font_container=\u00a0\u00bbtag:h2|text_align:center\u00a0\u00bb use_theme_fonts=\u00a0\u00bbyes\u00a0\u00bb][vc_empty_space height=\u00a0\u00bb60px\u00a0\u00bb][vc_row_inner][vc_column_inner width=\u00a0\u00bb1\/3&Prime;][\/vc_column_inner][vc_column_inner width=\u00a0\u00bb1\/3&Prime;][\/vc_column_inner][vc_column_inner width=\u00a0\u00bb1\/3&Prime;][\/vc_column_inner][\/vc_row_inner][vc_row_inner][vc_column_inner [&hellip;]<\/p>\n","protected":false},"author":1,"featured_media":0,"parent":0,"menu_order":0,"comment_status":"closed","ping_status":"closed","template":"page.php","meta":[],"_links":{"self":[{"href":"https:\/\/expoluso.com\/fr\/wp-json\/wp\/v2\/pages\/1653"}],"collection":[{"href":"https:\/\/expoluso.com\/fr\/wp-json\/wp\/v2\/pages"}],"about":[{"href":"https:\/\/expoluso.com\/fr\/wp-json\/wp\/v2\/types\/page"}],"author":[{"embeddable":true,"href":"https:\/\/expoluso.com\/fr\/wp-json\/wp\/v2\/users\/1"}],"replies":[{"embeddable":true,"href":"https:\/\/expoluso.com\/fr\/wp-json\/wp\/v2\/comments?post=1653"}],"version-history":[{"count":2,"href":"https:\/\/expoluso.com\/fr\/wp-json\/wp\/v2\/pages\/1653\/revisions"}],"predecessor-version":[{"id":1655,"href":"https:\/\/expoluso.com\/fr\/wp-json\/wp\/v2\/pages\/1653\/revisions\/1655"}],"wp:attachment":[{"href":"https:\/\/expoluso.com\/fr\/wp-json\/wp\/v2\/media?parent=1653"}],"curies":[{"name":"wp","href":"https:\/\/api.w.org\/{rel}","templated":true}]}}