{"id":1662,"date":"2021-06-28T10:20:27","date_gmt":"2021-06-28T10:20:27","guid":{"rendered":"https:\/\/expoluso.com\/magasins\/"},"modified":"2021-06-28T10:20:28","modified_gmt":"2021-06-28T10:20:28","slug":"magasins","status":"publish","type":"page","link":"https:\/\/expoluso.com\/fr\/magasins\/","title":{"rendered":"Magasins"},"content":{"rendered":"<p>[vc_row full_width=\u00a0\u00bbstretch_row\u00a0\u00bb css=\u00a0\u00bb.vc_custom_1493482623189{margin-top: -21px !important;}\u00a0\u00bb][vc_column][vc_empty_space height=\u00a0\u00bb60px\u00a0\u00bb]<style type='text\/css'>#cbpw-wrap130 {margin:0px 0px 0px 0px;}#cbpw-grid130 .cbp-l-caption-title {color:#fafafa;background-color:transparent;font-size:20px;font-family:Montserrat;font-weight:700;font-style:normal;line-height:21px;text-align:center;padding:0px 0px 0px 0px;margin:27% 0px 0px 0px;text-transform:capitalize;}#cbpw-grid130 .cbp-l-caption-desc {color:#ededed;background-color:transparent;font-size:15px;font-family:Lato;font-weight:500;font-style:normal;line-height:16px;text-align:center;padding:0px 0px 0px 0px;margin:10px 0px 0px 0px;text-transform:none;}#cbpw-grid130 .cbp-caption-activeWrap {background-color:rgba(0,0,0,0.6);}#cbpw-filters130 .cbp-filter-item {background-color:transparent;border-width:0px;border-style:none;border-color:transparent;border-radius:0;color:#949494;font-size:13px;font-family:Open Sans,sans-serif;font-weight:400;font-style:normal;line-height:21px;margin:0px 0px 10px 0px;padding:0px 12px 0px 12px;text-transform:uppercase;}#cbpw-filters130 .cbp-filter-item:hover {background-color:transparent;border-width:0px;border-style:none;border-color:transparent;border-radius:0;color:#2D2C2C;font-size:13px;font-family:Open Sans,sans-serif;font-weight:400;font-style:normal;line-height:21px;margin:0px 0px 10px 0px;padding:0px 12px 0px 12px;text-transform:uppercase;}#cbpw-filters130 .cbp-filter-item.cbp-filter-item-active {background-color:transparent;border-width:0px;border-style:none;border-color:transparent;border-radius:0;color:#2D2C2C;font-size:13px;font-family:Open Sans,sans-serif;font-weight:400;font-style:normal;line-height:21px;margin:0px 0px 10px 0px;padding:0px 12px 0px 12px;text-transform:uppercase;}#cbpw-filters130 .cbp-filter-item.cbp-filter-item-active:hover {background-color:transparent;border-width:0px;border-style:none;border-color:transparent;border-radius:0;color:#2D2C2C;font-size:13px;font-family:Open Sans,sans-serif;font-weight:400;font-style:normal;line-height:21px;margin:0px 0px 10px 0px;padding:0px 12px 0px 12px;text-transform:uppercase;}#cbpw-filters130 .cbp-filter-counter {background-color:#626161;color:#fff;font-size:11px;font-family:Open Sans,sans-serif;font-weight:400;font-style:normal;line-height:18px;padding:4px 0px 4px 0px;}#cbpw-filters130 .cbp-filter-counter:after {border-color:#626161 transparent;}#cbpw-loadMore130 .cbp-l-loadMore-link {color:#212121;background-color:transparent;border-width:2px 2px 2px 2px;border-style:solid;border-color:#303030;font-size:12px;font-family:Montserrat,sans-serif;font-weight:600;font-style:normal;line-height:34px;text-align:center;padding:0px 30px 0px 30px;margin:40px 0px 0px 0px;text-transform:none;}#cbpw-loadMore130 .cbp-l-loadMore-link:hover {color:#212121;background-color:transparent;border-width:2px 2px 2px 2px;border-style:solid;border-color:#303030;font-size:12px;font-family:Montserrat,sans-serif;font-weight:600;font-style:normal;line-height:34px;text-align:center;padding:0px 30px 0px 30px;margin:40px 0px 0px 0px;text-transform:none;}#cbpw-loadMore130 .cbp-l-loadMore-loading {color:#212121;background-color:transparent;border-width:2px 2px 2px 2px;border-style:solid;border-color:#303030;font-size:12px;font-family:Montserrat,sans-serif;font-weight:600;font-style:normal;line-height:34px;text-align:center;padding:0px 30px 0px 30px;margin:40px 0px 0px 0px;text-transform:none;}#cbpw-loadMore130 .cbp-l-loadMore-loading:hover {color:#212121;background-color:transparent;border-width:2px 2px 2px 2px;border-style:solid;border-color:#303030;font-size:12px;font-family:Montserrat,sans-serif;font-weight:600;font-style:normal;line-height:34px;text-align:center;padding:0px 30px 0px 30px;margin:40px 0px 0px 0px;text-transform:none;}#cbpw-loadMore130 .cbp-l-loadMore-stop {color:#B0B0B0;background-color:transparent;border-width:1px 1px 1px 1px;border-style:solid;border-color:#DEDEDE;font-size:12px;font-family:Montserrat,sans-serif;font-weight:600;font-style:normal;line-height:34px;text-align:center;padding:0px 30px 0px 30px;margin:40px 0px 0px 0px;text-transform:none;}#cbpw-loadMore130 .cbp-l-loadMore-stop:hover {color:#B0B0B0;background-color:transparent;border-width:1px 1px 1px 1px;border-style:solid;border-color:#DEDEDE;font-size:12px;font-family:Montserrat,sans-serif;font-weight:600;font-style:normal;line-height:34px;text-align:center;padding:0px 30px 0px 30px;margin:40px 0px 0px 0px;text-transform:none;}#cbpw-singlePage130 .cbp-popup-navigation-wrap {background-color:#34425C;}#cbpw-singlePage130 .cbp-popup-singlePage-counter {color:#bbc0df;font-size:13px;font-family:Open Sans;font-weight:400;font-style:normal;}<\/style><link rel=\"stylesheet\" href=\"\/\/fonts.googleapis.com\/css?family=Montserrat:700normal,600normal\" type=\"text\/css\" media=\"all\" property=\"stylesheet\"><link rel=\"stylesheet\" href=\"\/\/fonts.googleapis.com\/css?family=Lato:500normal\" type=\"text\/css\" media=\"all\" property=\"stylesheet\"><link rel=\"stylesheet\" href=\"\/\/fonts.googleapis.com\/css?family=Open+Sans:400normal\" type=\"text\/css\" media=\"all\" property=\"stylesheet\"><div id=\"cbpw-wrap130\"><div id=\"cbpw-filters130\" class=\"cbp-l-filters-alignCenter des-align-center\"><div data-filter=\"*\" class=\"cbp-filter-item cbp-filter-item-active\">All<div class=\"cbp-filter-counter-wrap\"><div class=\"cbp-filter-counter\"><\/div><\/div><\/div>\n\/<div data-filter=\".roupa\" class=\"cbp-filter-item\">Roupa<div class=\"cbp-filter-counter-wrap\"><div class=\"cbp-filter-counter\"><\/div><\/div><\/div>\n\/<div data-filter=\".tecnologia\" class=\"cbp-filter-item\">Tecnologia<div class=\"cbp-filter-counter-wrap\"><div class=\"cbp-filter-counter\"><\/div><\/div><\/div>\n\/<div data-filter=\".sa\u00fade\" class=\"cbp-filter-item\">Sa\u00fade<div class=\"cbp-filter-counter-wrap\"><div class=\"cbp-filter-counter\"><\/div><\/div><\/div>\n\/<div data-filter=\".calcado\" class=\"cbp-filter-item\">Cal\u00e7ado<div class=\"cbp-filter-counter-wrap\"><div class=\"cbp-filter-counter\"><\/div><\/div><\/div>\n\/<div data-filter=\".decoracao\" class=\"cbp-filter-item\">Decora\u00e7\u00e3o<div class=\"cbp-filter-counter-wrap\"><div class=\"cbp-filter-counter\"><\/div><\/div><\/div>\n\/<div data-filter=\".papelaria\" class=\"cbp-filter-item\">Papelaria<div class=\"cbp-filter-counter-wrap\"><div class=\"cbp-filter-counter\"><\/div><\/div><\/div>\n\/<div data-filter=\".produtosalimentares\" class=\"cbp-filter-item\">produtos alimentares<div class=\"cbp-filter-counter-wrap\"><div class=\"cbp-filter-counter\"><\/div><\/div><\/div>\n\/<div data-filter=\".cozinha\" class=\"cbp-filter-item\">Cozinha<div class=\"cbp-filter-counter-wrap\"><div class=\"cbp-filter-counter\"><\/div><\/div><\/div>\n\/<div data-filter=\".florista\" class=\"cbp-filter-item\">Florista<div class=\"cbp-filter-counter-wrap\"><div class=\"cbp-filter-counter\"><\/div><\/div><\/div>\n\/<div data-filter=\".casa\" class=\"cbp-filter-item\">casa<div class=\"cbp-filter-counter-wrap\"><div class=\"cbp-filter-counter\"><\/div><\/div><\/div>\n\/<div data-filter=\".cabeleireiro\" class=\"cbp-filter-item\">CABELEIREIRO<div class=\"cbp-filter-counter-wrap\"><div class=\"cbp-filter-counter\"><\/div><\/div><\/div>\n<\/div><div id=\"cbpw-grid130\" class=\"cbp-l-grid-gallery cbp\"><div><div class=\"cbp-item sa\u00fade\"><a href=\"\/\/expoluso.com\/pt\/portfolio\/farmacia-da-estacao\/\" class=\"cbp-caption cbp-simpleLink\" data-title=\"Farm\u00e1cia Peq\"><div class=\"cbp-caption-defaultWrap\"><img src=\"\/\/expoluso.com\/wp-content\/uploads\/2023\/05\/IMG_3106.jpg\" alt=\"\"><\/div><div class=\"cbp-caption-activeWrap\"><div class=\"cbp-l-caption-alignLeft\"><div class=\"cbp-l-caption-body\"><div class=\"cbp-l-caption-title\">Farm\u00e1cia Esta\u00e7\u00e3o<\/div><\/div><\/div><\/div><\/a><\/div><div class=\"cbp-item produtosalimentares des-align-center\"><a href=\"\/\/expoluso.com\/pt\/portfolio\/produtos-alimentares-ervanaria\/\" class=\"cbp-caption cbp-simpleLink\" data-title=\"Leonidas\"><div class=\"cbp-caption-defaultWrap\"><img src=\"\/\/expoluso.com\/wp-content\/uploads\/2023\/05\/IMG_1509.jpg\" alt=\"\"><\/div><div class=\"cbp-caption-activeWrap\"><div class=\"cbp-l-caption-alignLeft\"><div class=\"cbp-l-caption-body\"><div class=\"cbp-l-caption-title\">Ervan\u00e1ria<\/div><\/div><\/div><\/div><\/a><\/div><div class=\"cbp-item roupa\"><a href=\"\/\/expoluso.com\/pt\/portfolio\/roupa-13\/\" class=\"cbp-caption cbp-simpleLink\" data-title=\"Suits Inc 2\"><div class=\"cbp-caption-defaultWrap\"><img src=\"\/\/expoluso.com\/wp-content\/uploads\/2023\/05\/IMG_1567.jpg\" alt=\"\"><\/div><div class=\"cbp-caption-activeWrap\"><div class=\"cbp-l-caption-alignLeft\"><div class=\"cbp-l-caption-body\"><div class=\"cbp-l-caption-title\">Gasolineira<\/div><\/div><\/div><\/div><\/a><\/div><div class=\"cbp-item casa\"><a href=\"\/\/expoluso.com\/pt\/portfolio\/casa-2\/\" class=\"cbp-caption cbp-simpleLink\" data-title=\"Suits Inc 2\"><div class=\"cbp-caption-defaultWrap\"><img src=\"\/\/expoluso.com\/wp-content\/uploads\/2021\/09\/IMG_1448.jpg\" alt=\"\"><\/div><div class=\"cbp-caption-activeWrap\"><div class=\"cbp-l-caption-alignLeft\"><div class=\"cbp-l-caption-body\"><div class=\"cbp-l-caption-title\">Sala de Jantar<\/div><\/div><\/div><\/div><\/a><\/div><div class=\"cbp-item cabeleireiro\"><a href=\"\/\/expoluso.com\/pt\/portfolio\/cabeleireiro\/\" class=\"cbp-caption cbp-simpleLink\" data-title=\"Suits Inc 2\"><div class=\"cbp-caption-defaultWrap\"><img src=\"\/\/expoluso.com\/wp-content\/uploads\/2021\/09\/IMG_1437.jpg\" alt=\"\"><\/div><div class=\"cbp-caption-activeWrap\"><div class=\"cbp-l-caption-alignLeft\"><div class=\"cbp-l-caption-body\"><div class=\"cbp-l-caption-title\">Rosinda Ramos Cabeleireiro<\/div><\/div><\/div><\/div><\/a><\/div><div class=\"cbp-item roupa\"><a href=\"\/\/expoluso.com\/pt\/portfolio\/roupa-12\/\" class=\"cbp-caption cbp-simpleLink\" data-title=\"Suits Inc 2\"><div class=\"cbp-caption-defaultWrap\"><img src=\"\/\/expoluso.com\/wp-content\/uploads\/2021\/09\/IMG_1412.jpg\" alt=\"\"><\/div><div class=\"cbp-caption-activeWrap\"><div class=\"cbp-l-caption-alignLeft\"><div class=\"cbp-l-caption-body\"><div class=\"cbp-l-caption-title\">Koala - Children's Clothing Store<\/div><\/div><\/div><\/div><\/a><\/div><div class=\"cbp-item roupa\"><a href=\"\/\/expoluso.com\/pt\/portfolio\/roupa-11\/\" class=\"cbp-caption cbp-simpleLink\" data-title=\"Suits Inc 2\"><div class=\"cbp-caption-defaultWrap\"><img src=\"\/\/expoluso.com\/wp-content\/uploads\/2021\/09\/IMG_1332.jpg\" alt=\"\"><\/div><div class=\"cbp-caption-activeWrap\"><div class=\"cbp-l-caption-alignLeft\"><div class=\"cbp-l-caption-body\"><div class=\"cbp-l-caption-title\">Tweed - Suit Store<\/div><\/div><\/div><\/div><\/a><\/div><div class=\"cbp-item roupa\"><a href=\"\/\/expoluso.com\/portfolio\/suits-inc-2\/\" class=\"cbp-caption cbp-simpleLink\" data-title=\"Suits Inc 2\"><div class=\"cbp-caption-defaultWrap\"><img src=\"\/\/expoluso.com\/wp-content\/uploads\/2021\/02\/suits-inc-2-3.jpg\" alt=\"\"><\/div><div class=\"cbp-caption-activeWrap\"><div class=\"cbp-l-caption-alignLeft\"><div class=\"cbp-l-caption-body\"><div class=\"cbp-l-caption-title\">Suits Inc 2<\/div><\/div><\/div><\/div><\/a><\/div><div class=\"cbp-item decoracao\"><a href=\"\/\/expoluso.com\/portfolio\/bod-home\/\" class=\"cbp-caption cbp-simpleLink\" data-title=\"Bod Home\"><div class=\"cbp-caption-defaultWrap\"><img src=\"\/\/expoluso.com\/wp-content\/uploads\/2021\/02\/bod-home-8.jpg\" alt=\"\"><\/div><div class=\"cbp-caption-activeWrap\"><div class=\"cbp-l-caption-alignLeft\"><div class=\"cbp-l-caption-body\"><div class=\"cbp-l-caption-title\">Bod Home<\/div><\/div><\/div><\/div><\/a><\/div><div class=\"cbp-item tecnologia\"><a href=\"\/\/expoluso.com\/portfolio\/xiaomi-2\/\" class=\"cbp-caption cbp-simpleLink\" data-title=\"Xiaomi 2\"><div class=\"cbp-caption-defaultWrap\"><img src=\"\/\/expoluso.com\/wp-content\/uploads\/2021\/02\/xiaomi-2-3.jpg\" alt=\"\"><\/div><div class=\"cbp-caption-activeWrap\"><div class=\"cbp-l-caption-alignLeft\"><div class=\"cbp-l-caption-body\"><div class=\"cbp-l-caption-title\">Xiaomi 2<\/div><\/div><\/div><\/div><\/a><\/div><div class=\"cbp-item roupa\"><a href=\"\/\/expoluso.com\/portfolio\/suits-inc-1\/\" class=\"cbp-caption cbp-simpleLink\" data-title=\"Suits Inc 1\"><div class=\"cbp-caption-defaultWrap\"><img src=\"\/\/expoluso.com\/wp-content\/uploads\/2021\/02\/suits-inc-1-6.jpg\" alt=\"\"><\/div><div class=\"cbp-caption-activeWrap\"><div class=\"cbp-l-caption-alignLeft\"><div class=\"cbp-l-caption-body\"><div class=\"cbp-l-caption-title\">Suits Inc 1<\/div><\/div><\/div><\/div><\/a><\/div><div class=\"cbp-item calcado\"><a href=\"\/\/expoluso.com\/portfolio\/camper\/\" class=\"cbp-caption cbp-simpleLink\" data-title=\"Camper\"><div class=\"cbp-caption-defaultWrap\"><img src=\"\/\/expoluso.com\/wp-content\/uploads\/2021\/02\/camper-2.jpg\" alt=\"\"><\/div><div class=\"cbp-caption-activeWrap\"><div class=\"cbp-l-caption-alignLeft\"><div class=\"cbp-l-caption-body\"><div class=\"cbp-l-caption-title\">Camper<\/div><\/div><\/div><\/div><\/a><\/div><div class=\"cbp-item tecnologia\"><a href=\"\/\/expoluso.com\/portfolio\/xiaomi-1\/\" class=\"cbp-caption cbp-simpleLink\" data-title=\"Xiaomi 1\"><div class=\"cbp-caption-defaultWrap\"><img src=\"\/\/expoluso.com\/wp-content\/uploads\/2021\/02\/xiaomi-3.jpg\" alt=\"\"><\/div><div class=\"cbp-caption-activeWrap\"><div class=\"cbp-l-caption-alignLeft\"><div class=\"cbp-l-caption-body\"><div class=\"cbp-l-caption-title\">Xiaomi 1<\/div><\/div><\/div><\/div><\/a><\/div><div class=\"cbp-item roupa\"><a href=\"\/\/expoluso.com\/portfolio\/loja-de-surf\/\" class=\"cbp-caption cbp-simpleLink\" data-title=\"Loja de Surf\"><div class=\"cbp-caption-defaultWrap\"><img src=\"\/\/expoluso.com\/wp-content\/uploads\/2021\/02\/surf-6.jpg\" alt=\"\"><\/div><div class=\"cbp-caption-activeWrap\"><div class=\"cbp-l-caption-alignLeft\"><div class=\"cbp-l-caption-body\"><div class=\"cbp-l-caption-title\">Loja de Surf<\/div><\/div><\/div><\/div><\/a><\/div><div class=\"cbp-item roupa\"><a href=\"\/\/expoluso.com\/portfolio\/lacoste\/\" class=\"cbp-caption cbp-simpleLink\" data-title=\"Lacoste\"><div class=\"cbp-caption-defaultWrap\"><img src=\"\/\/expoluso.com\/wp-content\/uploads\/2021\/02\/lacoste-1-e1620224366978.jpg\" alt=\"\"><\/div><div class=\"cbp-caption-activeWrap\"><div class=\"cbp-l-caption-alignLeft\"><div class=\"cbp-l-caption-body\"><div class=\"cbp-l-caption-title\">Lacoste<\/div><\/div><\/div><\/div><\/a><\/div><div class=\"cbp-item produtosalimentares des-align-center\"><a href=\"\/\/expoluso.com\/portfolio\/leonidas\/\" class=\"cbp-caption cbp-simpleLink\" data-title=\"Leonidas\"><div class=\"cbp-caption-defaultWrap\"><img src=\"\/\/expoluso.com\/wp-content\/uploads\/2021\/02\/leonidas-1.jpg\" alt=\"\"><\/div><div class=\"cbp-caption-activeWrap\"><div class=\"cbp-l-caption-alignLeft\"><div class=\"cbp-l-caption-body\"><div class=\"cbp-l-caption-title\">Leonidas<\/div><\/div><\/div><\/div><\/a><\/div><div class=\"cbp-item roupa\"><a href=\"\/\/expoluso.com\/portfolio\/loja-de-roupa-vitor-freitas\/\" class=\"cbp-caption cbp-simpleLink\" data-title=\"Loja de Roupa Vitor Freitas\"><div class=\"cbp-caption-defaultWrap\"><img src=\"\/\/expoluso.com\/wp-content\/uploads\/2021\/05\/loja-de-roupa.jpg\" alt=\"\"><\/div><div class=\"cbp-caption-activeWrap\"><div class=\"cbp-l-caption-alignLeft\"><div class=\"cbp-l-caption-body\"><div class=\"cbp-l-caption-title\">Loja de Roupa Vitor Freitas<\/div><\/div><\/div><\/div><\/a><\/div><div class=\"cbp-item produtosalimentares des-align-center\"><a href=\"\/\/expoluso.com\/portfolio\/loja-gourmet\/\" class=\"cbp-caption cbp-simpleLink\" data-title=\"Loja Gourmet\"><div class=\"cbp-caption-defaultWrap\"><img src=\"\/\/expoluso.com\/wp-content\/uploads\/2021\/02\/gourmet-1.jpg\" alt=\"\"><\/div><div class=\"cbp-caption-activeWrap\"><div class=\"cbp-l-caption-alignLeft\"><div class=\"cbp-l-caption-body\"><div class=\"cbp-l-caption-title\">Loja Gourmet<\/div><\/div><\/div><\/div><\/a><\/div><div class=\"cbp-item roupa\"><a href=\"\/\/expoluso.com\/portfolio\/morgan-ferrara\/\" class=\"cbp-caption cbp-simpleLink\" data-title=\"Morgan Ferrara\"><div class=\"cbp-caption-defaultWrap\"><img src=\"\/\/expoluso.com\/wp-content\/uploads\/2021\/02\/morgan-ferrara-1.jpg\" alt=\"\"><\/div><div class=\"cbp-caption-activeWrap\"><div class=\"cbp-l-caption-alignLeft\"><div class=\"cbp-l-caption-body\"><div class=\"cbp-l-caption-title\">Morgan Ferrara<\/div><\/div><\/div><\/div><\/a><\/div><div class=\"cbp-item produtosalimentares des-align-center\"><a href=\"\/\/expoluso.com\/portfolio\/loja-de-vinhos\/\" class=\"cbp-caption cbp-simpleLink\" data-title=\"Loja de Vinhos\"><div class=\"cbp-caption-defaultWrap\"><img src=\"\/\/expoluso.com\/wp-content\/uploads\/2021\/02\/loja-vinhos-e1620224712107.jpg\" alt=\"\"><\/div><div class=\"cbp-caption-activeWrap\"><div class=\"cbp-l-caption-alignLeft\"><div class=\"cbp-l-caption-body\"><div class=\"cbp-l-caption-title\">Loja de Vinhos<\/div><\/div><\/div><\/div><\/a><\/div><div class=\"cbp-item roupa\"><a href=\"\/\/expoluso.com\/portfolio\/latiger\/\" class=\"cbp-caption cbp-simpleLink\" data-title=\"Latiger\"><div class=\"cbp-caption-defaultWrap\"><img src=\"\/\/expoluso.com\/wp-content\/uploads\/2021\/02\/latiger-3.jpg\" alt=\"\"><\/div><div class=\"cbp-caption-activeWrap\"><div class=\"cbp-l-caption-alignLeft\"><div class=\"cbp-l-caption-body\"><div class=\"cbp-l-caption-title\">Latiger<\/div><\/div><\/div><\/div><\/a><\/div><div class=\"cbp-item roupa\"><a href=\"\/\/expoluso.com\/portfolio\/loja-de-roupa\/\" class=\"cbp-caption cbp-simpleLink\" data-title=\"Loja de Roupa\"><div class=\"cbp-caption-defaultWrap\"><img src=\"\/\/expoluso.com\/wp-content\/uploads\/2021\/02\/loja-roupa-e1620224666489.jpg\" alt=\"\"><\/div><div class=\"cbp-caption-activeWrap\"><div class=\"cbp-l-caption-alignLeft\"><div class=\"cbp-l-caption-body\"><div class=\"cbp-l-caption-title\">Loja de Roupa<\/div><\/div><\/div><\/div><\/a><\/div><div class=\"cbp-item roupa\"><a href=\"\/\/expoluso.com\/portfolio\/loja-de-roupa-codiart\/\" class=\"cbp-caption cbp-simpleLink\" data-title=\"Loja de Roupa Codiart\"><div class=\"cbp-caption-defaultWrap\"><img src=\"\/\/expoluso.com\/wp-content\/uploads\/2021\/05\/loja-de-roupa-2.jpg\" alt=\"\"><\/div><div class=\"cbp-caption-activeWrap\"><div class=\"cbp-l-caption-alignLeft\"><div class=\"cbp-l-caption-body\"><div class=\"cbp-l-caption-title\">Loja de Roupa Codiart<\/div><\/div><\/div><\/div><\/a><\/div><div class=\"cbp-item sa\u00fade\"><a href=\"\/\/expoluso.com\/portfolio\/farmacia-peq\/\" class=\"cbp-caption cbp-simpleLink\" data-title=\"Farm\u00e1cia Peq\"><div class=\"cbp-caption-defaultWrap\"><img src=\"\/\/expoluso.com\/wp-content\/uploads\/2021\/02\/farmacia-peq-2.jpg\" alt=\"\"><\/div><div class=\"cbp-caption-activeWrap\"><div class=\"cbp-l-caption-alignLeft\"><div class=\"cbp-l-caption-body\"><div class=\"cbp-l-caption-title\">Farm\u00e1cia Peq<\/div><\/div><\/div><\/div><\/a><\/div><div class=\"cbp-item papelaria\"><a href=\"\/\/expoluso.com\/portfolio\/papelaria\/\" class=\"cbp-caption cbp-simpleLink\" data-title=\"Papelaria\"><div class=\"cbp-caption-defaultWrap\"><img src=\"\/\/expoluso.com\/wp-content\/uploads\/2021\/02\/papelaria-e1620225286805.jpg\" alt=\"\"><\/div><div class=\"cbp-caption-activeWrap\"><div class=\"cbp-l-caption-alignLeft\"><div class=\"cbp-l-caption-body\"><div class=\"cbp-l-caption-title\">Papelaria<\/div><\/div><\/div><\/div><\/a><\/div><div class=\"cbp-item sa\u00fade\"><a href=\"\/\/expoluso.com\/portfolio\/farmacia-botica\/\" class=\"cbp-caption cbp-simpleLink\" data-title=\"Farm\u00e1cia Botica\"><div class=\"cbp-caption-defaultWrap\"><img src=\"\/\/expoluso.com\/wp-content\/uploads\/2021\/02\/farmacia-botica-1-e1620225185154.jpg\" alt=\"\"><\/div><div class=\"cbp-caption-activeWrap\"><div class=\"cbp-l-caption-alignLeft\"><div class=\"cbp-l-caption-body\"><div class=\"cbp-l-caption-title\">Farm\u00e1cia Botica<\/div><\/div><\/div><\/div><\/a><\/div><div class=\"cbp-item roupa\"><a href=\"\/\/expoluso.com\/portfolio\/chines-castelo-branco\/\" class=\"cbp-caption cbp-simpleLink\" data-title=\"Chin\u00eas Castelo Branco\"><div class=\"cbp-caption-defaultWrap\"><img src=\"\/\/expoluso.com\/wp-content\/uploads\/2021\/02\/chines-1.jpg\" alt=\"\"><\/div><div class=\"cbp-caption-activeWrap\"><div class=\"cbp-l-caption-alignLeft\"><div class=\"cbp-l-caption-body\"><div class=\"cbp-l-caption-title\">Chin\u00eas Castelo Branco<\/div><\/div><\/div><\/div><\/a><\/div><div class=\"cbp-item cozinha des-align-center\"><a href=\"\/\/expoluso.com\/portfolio\/cozinha\/\" class=\"cbp-caption cbp-simpleLink\" data-title=\"Cozinha\"><div class=\"cbp-caption-defaultWrap\"><img src=\"\/\/expoluso.com\/wp-content\/uploads\/2021\/05\/tescoma-7.jpg\" alt=\"\"><\/div><div class=\"cbp-caption-activeWrap\"><div class=\"cbp-l-caption-alignLeft\"><div class=\"cbp-l-caption-body\"><div class=\"cbp-l-caption-title\">Cozinha<\/div><\/div><\/div><\/div><\/a><\/div><div class=\"cbp-item casa\"><a href=\"\/\/expoluso.com\/portfolio\/casa\/\" class=\"cbp-caption cbp-simpleLink\" data-title=\"Casa\"><div class=\"cbp-caption-defaultWrap\"><img src=\"\/\/expoluso.com\/wp-content\/uploads\/2021\/05\/casa-joel-2.jpg\" alt=\"\"><\/div><div class=\"cbp-caption-activeWrap\"><div class=\"cbp-l-caption-alignLeft\"><div class=\"cbp-l-caption-body\"><div class=\"cbp-l-caption-title\">Casa<\/div><\/div><\/div><\/div><\/a><\/div><div class=\"cbp-item florista\"><a href=\"\/\/expoluso.com\/portfolio\/decoracao-2\/\" class=\"cbp-caption cbp-simpleLink\" data-title=\"Decora\u00e7\u00e3o\"><div class=\"cbp-caption-defaultWrap\"><img src=\"\/\/expoluso.com\/wp-content\/uploads\/2021\/05\/fluer-de-paris-2.jpg\" alt=\"\"><\/div><div class=\"cbp-caption-activeWrap\"><div class=\"cbp-l-caption-alignLeft\"><div class=\"cbp-l-caption-body\"><div class=\"cbp-l-caption-title\">Decora\u00e7\u00e3o<\/div><\/div><\/div><\/div><\/a><\/div><div class=\"cbp-item papelaria\"><a href=\"\/\/expoluso.com\/portfolio\/papelaria\/\" class=\"cbp-caption cbp-simpleLink\" data-title=\"Papelaria\"><div class=\"cbp-caption-defaultWrap\"><img src=\"\/\/expoluso.com\/wp-content\/uploads\/2021\/05\/papelaria-lisboa-5.jpg\" alt=\"\"><\/div><div class=\"cbp-caption-activeWrap\"><div class=\"cbp-l-caption-alignLeft\"><div class=\"cbp-l-caption-body\"><div class=\"cbp-l-caption-title\">Papelaria<\/div><\/div><\/div><\/div><\/a><\/div><div class=\"cbp-item roupa\"><a href=\"\/\/expoluso.com\/portfolio\/roupa\/\" class=\"cbp-caption cbp-simpleLink\" data-title=\"Roupa\"><div class=\"cbp-caption-defaultWrap\"><img src=\"\/\/expoluso.com\/wp-content\/uploads\/2021\/05\/cashville-2.jpg\" alt=\"\"><\/div><div class=\"cbp-caption-activeWrap\"><div class=\"cbp-l-caption-alignLeft\"><div class=\"cbp-l-caption-body\"><div class=\"cbp-l-caption-title\">Roupa<\/div><\/div><\/div><\/div><\/a><\/div><div class=\"cbp-item casa\"><a href=\"\/\/expoluso.com\/pt\/portfolio\/casa-3\/\" class=\"cbp-caption cbp-simpleLink\" data-title=\"Suits Inc 2\"><div class=\"cbp-caption-defaultWrap\"><img src=\"\/\/expoluso.com\/wp-content\/uploads\/2021\/09\/IMG_1391.jpg\" alt=\"\"><\/div><div class=\"cbp-caption-activeWrap\"><div class=\"cbp-l-caption-alignLeft\"><div class=\"cbp-l-caption-body\"><div class=\"cbp-l-caption-title\">Sala de Jantar<\/div><\/div><\/div><\/div><\/a><\/div><\/div><\/div><div id=\"cbpw-loadMore130\" class=\"\"><div class=\"cbp-l-loadMore-button\"><a href=\"ajax\/loadMore.html\" class=\"cbp-l-loadMore-link\"><span class=\"cbp-l-loadMore-defaultText\">VER MAIS<\/span> <span class=\"cbp-l-loadMore-loadingText\">A CARREGAR...<\/span><span class=\"cbp-l-loadMore-noMoreLoading\">N\u00c3O H\u00c1 MAIS PROJETOS NESTA CATEGORIA<\/span><\/a><\/div><\/div><\/div><script type=\"text\/javascript\">this.initCubePortfolio =  this.initCubePortfolio || []; this.initCubePortfolio.push({id: 130, options: {\"filters\":\"#cbpw-filters130\",\"loadMore\":\"#cbpw-loadMore130\",\"loadMoreAction\":\"click\",\"search\":\"\",\"layoutMode\":\"grid\",\"sortToPreventGaps\":false,\"drag\":true,\"auto\":false,\"autoTimeout\":5000,\"autoPauseOnHover\":true,\"showNavigation\":true,\"showPagination\":true,\"rewindNav\":true,\"scrollByPage\":false,\"defaultFilter\":\"*\",\"filterDeeplinking\":false,\"animationType\":\"flipOut\",\"gridAdjustment\":\"responsive\",\"mediaQueries\":[{\"width\":1400,\"cols\":3},{\"width\":1170,\"cols\":3},{\"width\":1024,\"cols\":3},{\"width\":960,\"cols\":3},{\"width\":778,\"cols\":3},{\"width\":640,\"cols\":2},{\"width\":480,\"cols\":1}],\"gapHorizontal\":10,\"gapVertical\":10,\"caption\":\"fadeIn\",\"displayType\":\"bottomToTop\",\"displayTypeSpeed\":200,\"lightboxDelegate\":\".cbp-lightbox\",\"lightboxGallery\":true,\"lightboxTitleSrc\":\"data-title\",\"lightboxCounter\":\"<div class=\\\"cbp-popup-lightbox-counter\\\">{{current}} of {{total}}<\/div>\",\"singlePageDelegate\":\".cbp-singlePage\",\"singlePageDeeplinking\":true,\"singlePageStickyNavigation\":false,\"singlePageCounter\":\"<div class=\\\"cbp-popup-singlePage-counter\\\">{{current}} of {{total}}<\/div>\",\"singlePageAnimation\":\"middle\",\"singlePageInlineDelegate\":\".cbp-singlePageInline\",\"singlePageInlineDeeplinking\":false,\"singlePageInlinePosition\":\"below\",\"singlePageInlineInFocus\":true,\"plugins\":{},\"cols\":3,\"coverRatio\":\"\",\"displayItemsLoadMore\":3}});<\/script>[\/vc_column][\/vc_row][vc_row][vc_column][vc_empty_space height=\u00a0\u00bb60px\u00a0\u00bb][\/vc_column][\/vc_row]<\/p>\n","protected":false},"excerpt":{"rendered":"<p>[vc_row full_width=\u00a0\u00bbstretch_row\u00a0\u00bb css=\u00a0\u00bb.vc_custom_1493482623189{margin-top: -21px !important;}\u00a0\u00bb][vc_column][vc_empty_space height=\u00a0\u00bb60px\u00a0\u00bb][\/vc_column][\/vc_row][vc_row][vc_column][vc_empty_space height=\u00a0\u00bb60px\u00a0\u00bb][\/vc_column][\/vc_row]<\/p>\n","protected":false},"author":1,"featured_media":0,"parent":0,"menu_order":0,"comment_status":"closed","ping_status":"closed","template":"page.php","meta":[],"_links":{"self":[{"href":"https:\/\/expoluso.com\/fr\/wp-json\/wp\/v2\/pages\/1662"}],"collection":[{"href":"https:\/\/expoluso.com\/fr\/wp-json\/wp\/v2\/pages"}],"about":[{"href":"https:\/\/expoluso.com\/fr\/wp-json\/wp\/v2\/types\/page"}],"author":[{"embeddable":true,"href":"https:\/\/expoluso.com\/fr\/wp-json\/wp\/v2\/users\/1"}],"replies":[{"embeddable":true,"href":"https:\/\/expoluso.com\/fr\/wp-json\/wp\/v2\/comments?post=1662"}],"version-history":[{"count":1,"href":"https:\/\/expoluso.com\/fr\/wp-json\/wp\/v2\/pages\/1662\/revisions"}],"predecessor-version":[{"id":1663,"href":"https:\/\/expoluso.com\/fr\/wp-json\/wp\/v2\/pages\/1662\/revisions\/1663"}],"wp:attachment":[{"href":"https:\/\/expoluso.com\/fr\/wp-json\/wp\/v2\/media?parent=1662"}],"curies":[{"name":"wp","href":"https:\/\/api.w.org\/{rel}","templated":true}]}}