{"id":804,"date":"2020-10-09T14:59:11","date_gmt":"2020-10-09T14:59:11","guid":{"rendered":"https:\/\/expoluso.dev.franciscomateus.pt\/?page_id=804"},"modified":"2021-10-27T12:58:29","modified_gmt":"2021-10-27T12:58:29","slug":"servicos","status":"publish","type":"page","link":"https:\/\/expoluso.com\/pt\/servicos\/","title":{"rendered":"Servi\u00e7os"},"content":{"rendered":"<p>[vc_row full_width=&#8221;stretch_row_content&#8221; css_animation=&#8221;fadeInDown&#8221; css=&#8221;.vc_custom_1619108555622{padding-top: 100px !important;}&#8221; el_class=&#8221;absolute-element&#8221;][vc_column][vc_btn title=&#8221;VER V\u00cdDEO&#8221; style=&#8221;flat&#8221; shape=&#8221;square&#8221; color=&#8221;black&#8221; size=&#8221;sm&#8221; align=&#8221;center&#8221; css_animation=&#8221;none&#8221; link=&#8221;url:https%3A%2F%2Fyoutu.be%2FSDQ-lWNUb0o|title:Contactos&#8221;][\/vc_column][\/vc_row][vc_row full_width=&#8221;stretch_row_content&#8221; css_animation=&#8221;fadeInDown&#8221; css=&#8221;.vc_custom_1585925726867{padding-top: 100px !important;padding-bottom: 100px !important;}&#8221; el_class=&#8221;absolute-element&#8221;][vc_column]<div id=\"ultimate-heading-869769dea56e576f6\" class=\"uvc-heading ult-adjust-bottom-margin ultimate-heading-869769dea56e576f6 uvc-4734 \" data-hspacer=\"line_only\"  data-halign=\"center\" style=\"text-align:center\"><div class=\"uvc-heading-spacer line_only\" style=\"topheight:100px;\"><span class=\"uvc-headings-line\" style=\"border-style:solid;border-bottom-width:100px;border-color:#0a0a0a;width:1px;\"><\/span><\/div><\/div>[\/vc_column][\/vc_row][vc_row full_width=&#8221;stretch_row_content_no_spaces&#8221; bg_type=&#8221;image&#8221; parallax_style=&#8221;vcpb-default&#8221; bg_image_new=&#8221;id^355|url^http:\/\/demos.upperthemes.com\/architek\/site1-contents\/wp-content\/uploads\/sites\/5\/2020\/03\/bg3.svg|caption^null|alt^null|title^bg3|description^null&#8221; bg_image_repeat=&#8221;no-repeat&#8221; bg_override=&#8221;ex-full&#8221; enable_overlay=&#8221;enable_overlay_value&#8221; overlay_color=&#8221;rgba(255,255,255,0.9)&#8221; css=&#8221;.vc_custom_1618570100354{padding-bottom: 100px !important;}&#8221;][vc_column css_animation=&#8221;fadeInUp&#8221;][vc_custom_heading text=&#8221;Estamos ao lado dos nossos clientes em cada fase do projeto&#8221; font_container=&#8221;tag:h2|text_align:center&#8221; use_theme_fonts=&#8221;yes&#8221;][vc_empty_space height=&#8221;60px&#8221;][vc_row_inner][vc_column_inner width=&#8221;1\/3&#8243;]<div class=\"ult-new-ib ult-ib-effect-style13  ult-ib-resp  \" data-min-width=\"768\" data-max-width=\"900\" style=\"background:#000000;\" data-opacity=\"0.9\" data-hover-opacity=\"0.5\" ><img class=\"ult-new-ib-img\" style=\"opacity:0.9;\" alt=\"null\" src=\"https:\/\/expoluso.com\/wp-content\/uploads\/2021\/02\/gestao-projeto.jpg\"   \/><div id=\"interactive-banner-wrap-3636\" class=\"ult-new-ib-desc\" style=\"\"><h2 class=\"ult-new-ib-title ult-responsive\"  data-ultimate-target='#interactive-banner-wrap-3636 .ult-new-ib-title'  data-responsive-json-new='{\"font-size\":\"desktop:22px;\",\"line-height\":\"\"}'  style=\"font-family:&#039;Montserrat&#039;;font-weight:700;\">Gest\u00e3o de Projeto<\/h2><div class=\"ult-new-ib-content ult-responsive\"  data-ultimate-target='#interactive-banner-wrap-3636 .ult-new-ib-content'  data-responsive-json-new='{\"font-size\":\"desktop:15px;\",\"line-height\":\"\"}'  style=\"font-family:&#039;Lato&#039;;font-weight:normal;\"><p>Tudo come\u00e7a por aqui. O momento inicial em que a equipa Expoluso trabalha ao seu lado na defini\u00e7\u00e3o de todos os equipamentos e elementos visuais para o seu espa\u00e7o comercial. Os nossos servi\u00e7os passam por dar corpo \u00e0 sua ideia para o seu neg\u00f3cio ou, ent\u00e3o, apresentar-lhe uma proposta exclusiva de projeto.<\/p><\/div><\/div><\/div><script type=\"text\/javascript\">\n\t\t\t(function($){\n\t\t\t\t$(document).ready(function(){\n\t\t\t\t\t$(\".ult-new-ib\").css(\"opacity\",\"1\");\n\t\t\t\t});\n\t\t\t})(jQuery);\n\t\t\t<\/script><div class=\"ult-spacer spacer-69dea56e579e6\" data-id=\"69dea56e579e6\" data-height=\"\" data-height-mobile=\"40\" data-height-tab=\"\" data-height-tab-portrait=\"\" data-height-mobile-landscape=\"40\" style=\"clear:both;display:block;\"><\/div>[\/vc_column_inner][vc_column_inner width=&#8221;1\/3&#8243;]<div class=\"ult-new-ib ult-ib-effect-style13  ult-ib-resp  \" data-min-width=\"768\" data-max-width=\"900\" style=\"background:#000000;\" data-opacity=\"0.9\" data-hover-opacity=\"0.5\" ><img class=\"ult-new-ib-img\" style=\"opacity:0.9;\" alt=\"null\" src=\"https:\/\/expoluso.com\/wp-content\/uploads\/2021\/02\/arquitectura-e-design.jpg\"   \/><div id=\"interactive-banner-wrap-7243\" class=\"ult-new-ib-desc\" style=\"\"><h2 class=\"ult-new-ib-title ult-responsive\"  data-ultimate-target='#interactive-banner-wrap-7243 .ult-new-ib-title'  data-responsive-json-new='{\"font-size\":\"desktop:22px;\",\"line-height\":\"\"}'  style=\"font-family:&#039;Montserrat&#039;;font-weight:700;\">Arquitetura &amp; Design<\/h2><div class=\"ult-new-ib-content ult-responsive\"  data-ultimate-target='#interactive-banner-wrap-7243 .ult-new-ib-content'  data-responsive-json-new='{\"font-size\":\"desktop:15px;\",\"line-height\":\"\"}'  style=\"font-family:&#039;Lato&#039;;font-weight:normal;\"><p>Da ideia ao conceito de cada produto Expoluso vai um grande passo dado em conjunto por uma equipa diversa de designers de produto, gr\u00e1ficos, industriais 3D e especialistas em shop experience. Cores, \u00e2ngulos, materiais, atmosferas, din\u00e2micas interativas, tudo se mistura neste caldeir\u00e3o criativo. E a obra nasce.<\/p><\/div><\/div><\/div><script type=\"text\/javascript\">\n\t\t\t(function($){\n\t\t\t\t$(document).ready(function(){\n\t\t\t\t\t$(\".ult-new-ib\").css(\"opacity\",\"1\");\n\t\t\t\t});\n\t\t\t})(jQuery);\n\t\t\t<\/script><div class=\"ult-spacer spacer-69dea56e57c40\" data-id=\"69dea56e57c40\" data-height=\"0\" data-height-mobile=\"40\" data-height-tab=\"\" data-height-tab-portrait=\"\" data-height-mobile-landscape=\"40\" style=\"clear:both;display:block;\"><\/div>[\/vc_column_inner][vc_column_inner width=&#8221;1\/3&#8243;]<div class=\"ult-new-ib ult-ib-effect-style13  ult-ib-resp  \" data-min-width=\"768\" data-max-width=\"900\" style=\"background:#000000;\" data-opacity=\"0.9\" data-hover-opacity=\"0.5\" ><img class=\"ult-new-ib-img\" style=\"opacity:0.9;\" alt=\"null\" src=\"https:\/\/expoluso.com\/wp-content\/uploads\/2021\/02\/engenharia.jpg\"   \/><div id=\"interactive-banner-wrap-3889\" class=\"ult-new-ib-desc\" style=\"\"><h2 class=\"ult-new-ib-title ult-responsive\"  data-ultimate-target='#interactive-banner-wrap-3889 .ult-new-ib-title'  data-responsive-json-new='{\"font-size\":\"desktop:22px;\",\"line-height\":\"\"}'  style=\"font-family:&#039;Montserrat&#039;;font-weight:700;\">Engenharia<\/h2><div class=\"ult-new-ib-content ult-responsive\"  data-ultimate-target='#interactive-banner-wrap-3889 .ult-new-ib-content'  data-responsive-json-new='{\"font-size\":\"desktop:15px;\",\"line-height\":\"\"}'  style=\"font-family:&#039;Lato&#039;;font-weight:normal;\"><p>O rigor, a precis\u00e3o e a velocidade conjugam-se no nosso departamento de engenharia. A nossa equipa especializada desenvolve os equipamentos e produtos com \u2018m\u00e3os\u2019 tecnol\u00f3gicas alinhadas com as \u00faltimas tend\u00eancias do mercado global. Falemos, novamente, de inova\u00e7\u00e3o, pois \u00e9 com ela que ultrapassamos os desafios exigentes de um universo em constante metamorfose.<\/p><\/div><\/div><\/div><script type=\"text\/javascript\">\n\t\t\t(function($){\n\t\t\t\t$(document).ready(function(){\n\t\t\t\t\t$(\".ult-new-ib\").css(\"opacity\",\"1\");\n\t\t\t\t});\n\t\t\t})(jQuery);\n\t\t\t<\/script><div class=\"ult-spacer spacer-69dea56e57e73\" data-id=\"69dea56e57e73\" data-height=\"0\" data-height-mobile=\"40\" data-height-tab=\"\" data-height-tab-portrait=\"\" data-height-mobile-landscape=\"40\" style=\"clear:both;display:block;\"><\/div>[\/vc_column_inner][\/vc_row_inner][vc_row_inner][vc_column_inner width=&#8221;1\/3&#8243;]<div class=\"ult-new-ib ult-ib-effect-style13  ult-ib-resp  \" data-min-width=\"768\" data-max-width=\"900\" style=\"background:#000000;\" data-opacity=\"0.9\" data-hover-opacity=\"0.5\" ><img class=\"ult-new-ib-img\" style=\"opacity:0.9;\" alt=\"null\" src=\"https:\/\/expoluso.com\/wp-content\/uploads\/2021\/02\/producao.jpg\"   \/><div id=\"interactive-banner-wrap-2990\" class=\"ult-new-ib-desc\" style=\"\"><h2 class=\"ult-new-ib-title ult-responsive\"  data-ultimate-target='#interactive-banner-wrap-2990 .ult-new-ib-title'  data-responsive-json-new='{\"font-size\":\"desktop:22px;\",\"line-height\":\"\"}'  style=\"font-family:&#039;Montserrat&#039;;font-weight:700;\">Produ\u00e7\u00e3o<\/h2><div class=\"ult-new-ib-content ult-responsive\"  data-ultimate-target='#interactive-banner-wrap-2990 .ult-new-ib-content'  data-responsive-json-new='{\"font-size\":\"desktop:15px;\",\"line-height\":\"\"}'  style=\"font-family:&#039;Lato&#039;;font-weight:normal;\"><p>Levamos a s\u00e9rio a nossa produ\u00e7\u00e3o em s\u00e9rie e, por isso, estamos sempre preparados para qualquer tipo de encomenda. Desde expositores de m\u00e9dias e grandes dimens\u00f5es, como s\u00e3o o caso dos produtos de cer\u00e2mica, at\u00e9 produtos acess\u00f3rios que enriquecem o seu expositor ou loja, na Expoluso, est\u00e3o criadas todas as condi\u00e7\u00f5es para responder \u00e0 natureza do seu pedido. Aqui, a estrat\u00e9gia \u00e9 sin\u00f3nimo de efici\u00eancia.<\/p><\/div><\/div><\/div><script type=\"text\/javascript\">\n\t\t\t(function($){\n\t\t\t\t$(document).ready(function(){\n\t\t\t\t\t$(\".ult-new-ib\").css(\"opacity\",\"1\");\n\t\t\t\t});\n\t\t\t})(jQuery);\n\t\t\t<\/script><div class=\"ult-spacer spacer-69dea56e58093\" data-id=\"69dea56e58093\" data-height=\"0\" data-height-mobile=\"40\" data-height-tab=\"\" data-height-tab-portrait=\"\" data-height-mobile-landscape=\"40\" style=\"clear:both;display:block;\"><\/div>[\/vc_column_inner][vc_column_inner width=&#8221;1\/3&#8243;]<div class=\"ult-new-ib ult-ib-effect-style13  ult-ib-resp  \" data-min-width=\"768\" data-max-width=\"900\" style=\"background:#000000;\" data-opacity=\"0.9\" data-hover-opacity=\"0.5\" ><img class=\"ult-new-ib-img\" style=\"opacity:0.9;\" alt=\"null\" src=\"https:\/\/expoluso.com\/wp-content\/uploads\/2021\/02\/logistica.jpg\"   \/><div id=\"interactive-banner-wrap-3583\" class=\"ult-new-ib-desc\" style=\"\"><h2 class=\"ult-new-ib-title ult-responsive\"  data-ultimate-target='#interactive-banner-wrap-3583 .ult-new-ib-title'  data-responsive-json-new='{\"font-size\":\"desktop:22px;\",\"line-height\":\"\"}'  style=\"font-family:&#039;Montserrat&#039;;font-weight:700;\">Log\u00edstica<\/h2><div class=\"ult-new-ib-content ult-responsive\"  data-ultimate-target='#interactive-banner-wrap-3583 .ult-new-ib-content'  data-responsive-json-new='{\"font-size\":\"desktop:15px;\",\"line-height\":\"\"}'  style=\"font-family:&#039;Lato&#039;;font-weight:normal;\"><p>Na Expoluso, chegar a bom porto, \u00e9 mais do que uma express\u00e3o, \u00e9 uma filosofia de trabalho. Para que tudo corra bem em quantidade, prote\u00e7\u00e3o e seguran\u00e7a com os produtos que chegam at\u00e9 si, tudo passa pelo crivo de uma an\u00e1lise rigorosa realizada pela nossa incans\u00e1vel equipa de log\u00edstica.<\/p><\/div><\/div><\/div><script type=\"text\/javascript\">\n\t\t\t(function($){\n\t\t\t\t$(document).ready(function(){\n\t\t\t\t\t$(\".ult-new-ib\").css(\"opacity\",\"1\");\n\t\t\t\t});\n\t\t\t})(jQuery);\n\t\t\t<\/script><div class=\"ult-spacer spacer-69dea56e58266\" data-id=\"69dea56e58266\" data-height=\"0\" data-height-mobile=\"40\" data-height-tab=\"\" data-height-tab-portrait=\"\" data-height-mobile-landscape=\"40\" style=\"clear:both;display:block;\"><\/div>[\/vc_column_inner][vc_column_inner width=&#8221;1\/3&#8243;]<div class=\"ult-new-ib ult-ib-effect-style13  ult-ib-resp  \" data-min-width=\"768\" data-max-width=\"900\" style=\"background:#000000;\" data-opacity=\"0.9\" data-hover-opacity=\"0.5\" ><img class=\"ult-new-ib-img\" style=\"opacity:0.9;\" alt=\"null\" src=\"https:\/\/expoluso.com\/wp-content\/uploads\/2021\/02\/montagem.jpg\"   \/><div id=\"interactive-banner-wrap-4219\" class=\"ult-new-ib-desc\" style=\"\"><h2 class=\"ult-new-ib-title ult-responsive\"  data-ultimate-target='#interactive-banner-wrap-4219 .ult-new-ib-title'  data-responsive-json-new='{\"font-size\":\"desktop:22px;\",\"line-height\":\"\"}'  style=\"font-family:&#039;Montserrat&#039;;font-weight:700;\">Montagem<\/h2><div class=\"ult-new-ib-content ult-responsive\"  data-ultimate-target='#interactive-banner-wrap-4219 .ult-new-ib-content'  data-responsive-json-new='{\"font-size\":\"desktop:15px;\",\"line-height\":\"\"}'  style=\"font-family:&#039;Lato&#039;;font-weight:normal;\"><p>O momento em que tudo se ergue e se ajusta ao seu espa\u00e7o comercial. A natureza diversificada dos nossos equipamentos e produtos exige uma equipa experiente com conhecimento t\u00e9cnico como s\u00e3o os nossos profissionais. S\u00e3o os artistas da conclus\u00e3o do seu projeto.<\/p><\/div><\/div><\/div><script type=\"text\/javascript\">\n\t\t\t(function($){\n\t\t\t\t$(document).ready(function(){\n\t\t\t\t\t$(\".ult-new-ib\").css(\"opacity\",\"1\");\n\t\t\t\t});\n\t\t\t})(jQuery);\n\t\t\t<\/script>[\/vc_column_inner][\/vc_row_inner][vc_empty_space height=&#8221;60px&#8221;][vc_empty_space height=&#8221;40px&#8221;][vc_btn title=&#8221;PE\u00c7A UM OR\u00c7AMENTO&#8221; style=&#8221;flat&#8221; shape=&#8221;square&#8221; color=&#8221;black&#8221; size=&#8221;sm&#8221; align=&#8221;center&#8221; css_animation=&#8221;none&#8221; link=&#8221;url:https%3A%2F%2Fexpoluso.com%2Fcontactos%2F|title:Contactos&#8221;]<div class=\"ult-spacer spacer-69dea56e58470\" data-id=\"69dea56e58470\" data-height=\"100\" data-height-mobile=\"80\" data-height-tab=\"\" data-height-tab-portrait=\"\" data-height-mobile-landscape=\"80\" style=\"clear:both;display:block;\"><\/div>[\/vc_column][\/vc_row]<\/p>\n","protected":false},"excerpt":{"rendered":"<p>[vc_row full_width=&#8221;stretch_row_content&#8221; css_animation=&#8221;fadeInDown&#8221; css=&#8221;.vc_custom_1619108555622{padding-top: 100px !important;}&#8221; el_class=&#8221;absolute-element&#8221;][vc_column][vc_btn title=&#8221;VER V\u00cdDEO&#8221; style=&#8221;flat&#8221; shape=&#8221;square&#8221; color=&#8221;black&#8221; size=&#8221;sm&#8221; align=&#8221;center&#8221; css_animation=&#8221;none&#8221; link=&#8221;url:https%3A%2F%2Fyoutu.be%2FSDQ-lWNUb0o|title:Contactos&#8221;][\/vc_column][\/vc_row][vc_row full_width=&#8221;stretch_row_content&#8221; css_animation=&#8221;fadeInDown&#8221; css=&#8221;.vc_custom_1585925726867{padding-top: 100px !important;padding-bottom: 100px !important;}&#8221; el_class=&#8221;absolute-element&#8221;][vc_column][\/vc_column][\/vc_row][vc_row full_width=&#8221;stretch_row_content_no_spaces&#8221; bg_type=&#8221;image&#8221; parallax_style=&#8221;vcpb-default&#8221; bg_image_new=&#8221;id^355|url^http:\/\/demos.upperthemes.com\/architek\/site1-contents\/wp-content\/uploads\/sites\/5\/2020\/03\/bg3.svg|caption^null|alt^null|title^bg3|description^null&#8221; bg_image_repeat=&#8221;no-repeat&#8221; bg_override=&#8221;ex-full&#8221; enable_overlay=&#8221;enable_overlay_value&#8221; overlay_color=&#8221;rgba(255,255,255,0.9)&#8221; css=&#8221;.vc_custom_1618570100354{padding-bottom: 100px !important;}&#8221;][vc_column css_animation=&#8221;fadeInUp&#8221;][vc_custom_heading text=&#8221;Estamos ao lado dos nossos clientes em cada fase do projeto&#8221; font_container=&#8221;tag:h2|text_align:center&#8221; use_theme_fonts=&#8221;yes&#8221;][vc_empty_space height=&#8221;60px&#8221;][vc_row_inner][vc_column_inner width=&#8221;1\/3&#8243;][\/vc_column_inner][vc_column_inner width=&#8221;1\/3&#8243;][\/vc_column_inner][vc_column_inner width=&#8221;1\/3&#8243;][\/vc_column_inner][\/vc_row_inner][vc_row_inner][vc_column_inner width=&#8221;1\/3&#8243;][\/vc_column_inner][vc_column_inner width=&#8221;1\/3&#8243;][\/vc_column_inner][vc_column_inner [&hellip;]<\/p>\n","protected":false},"author":1,"featured_media":0,"parent":0,"menu_order":0,"comment_status":"closed","ping_status":"closed","template":"page.php","meta":[],"_links":{"self":[{"href":"https:\/\/expoluso.com\/pt\/wp-json\/wp\/v2\/pages\/804"}],"collection":[{"href":"https:\/\/expoluso.com\/pt\/wp-json\/wp\/v2\/pages"}],"about":[{"href":"https:\/\/expoluso.com\/pt\/wp-json\/wp\/v2\/types\/page"}],"author":[{"embeddable":true,"href":"https:\/\/expoluso.com\/pt\/wp-json\/wp\/v2\/users\/1"}],"replies":[{"embeddable":true,"href":"https:\/\/expoluso.com\/pt\/wp-json\/wp\/v2\/comments?post=804"}],"version-history":[{"count":21,"href":"https:\/\/expoluso.com\/pt\/wp-json\/wp\/v2\/pages\/804\/revisions"}],"predecessor-version":[{"id":2987,"href":"https:\/\/expoluso.com\/pt\/wp-json\/wp\/v2\/pages\/804\/revisions\/2987"}],"wp:attachment":[{"href":"https:\/\/expoluso.com\/pt\/wp-json\/wp\/v2\/media?parent=804"}],"curies":[{"name":"wp","href":"https:\/\/api.w.org\/{rel}","templated":true}]}}